{"id":201,"date":"2024-04-22T05:11:30","date_gmt":"2024-04-22T05:11:30","guid":{"rendered":"https:\/\/si.carillonsa.com\/wp\/solar-energy-2\/"},"modified":"2025-05-31T06:10:18","modified_gmt":"2025-05-31T06:10:18","slug":"solar-energy-2","status":"publish","type":"page","link":"https:\/\/si.carillonsa.com\/wp\/solar-energy-2\/","title":{"rendered":"Energ\u00eda Solar"},"content":{"rendered":"\t\t<div data-elementor-type=\"wp-page\" data-elementor-id=\"201\" class=\"elementor elementor-201\">\n\t\t\t\t\t\t<section class=\"elementor-section elementor-top-section elementor-element elementor-element-a4e62b8 elementor-section-boxed elementor-section-height-default elementor-section-height-default\" data-id=\"a4e62b8\" data-element_type=\"section\">\n\t\t\t\t\t\t<div class=\"elementor-container elementor-column-gap-default\">\n\t\t\t\t\t<div class=\"elementor-column elementor-col-100 elementor-top-column elementor-element elementor-element-8927887\" data-id=\"8927887\" data-element_type=\"column\">\n\t\t\t<div class=\"elementor-widget-wrap elementor-element-populated\">\n\t\t\t\t\t\t<div class=\"elementor-element elementor-element-e4e8914 elementor-widget elementor-widget-heading\" data-id=\"e4e8914\" data-element_type=\"widget\" data-widget_type=\"heading.default\">\n\t\t\t\t<div class=\"elementor-widget-container\">\n\t\t\t\t\t<h1 class=\"elementor-heading-title elementor-size-default\">\u00bfQue es la Energ\u00eda Solar?<\/h1>\t\t\t\t<\/div>\n\t\t\t\t<\/div>\n\t\t\t\t\t<\/div>\n\t\t<\/div>\n\t\t\t\t\t<\/div>\n\t\t<\/section>\n\t\t\t\t<section class=\"elementor-section elementor-top-section elementor-element elementor-element-4d65854 elementor-section-boxed elementor-section-height-default elementor-section-height-default\" data-id=\"4d65854\" data-element_type=\"section\">\n\t\t\t\t\t\t<div class=\"elementor-container elementor-column-gap-default\">\n\t\t\t\t\t<div class=\"elementor-column elementor-col-100 elementor-top-column elementor-element elementor-element-5e505f6\" data-id=\"5e505f6\" data-element_type=\"column\">\n\t\t\t<div class=\"elementor-widget-wrap elementor-element-populated\">\n\t\t\t\t\t\t<div class=\"elementor-element elementor-element-18cb1e8 elementor-widget elementor-widget-text-editor\" data-id=\"18cb1e8\" data-element_type=\"widget\" data-widget_type=\"text-editor.default\">\n\t\t\t\t<div class=\"elementor-widget-container\">\n\t\t\t\t\t\t\t\t\t<div id=\"model-response-message-contentr_d88bee7a5de86834\" class=\"markdown markdown-main-panel stronger enable-updated-hr-color\" dir=\"ltr\"><p data-sourcepos=\"1:1-1:313\">La <strong>energ\u00eda solar<\/strong> es aquella que se obtiene directamente del Sol en forma de <strong>radiaci\u00f3n electromagn\u00e9tica<\/strong>, que incluye luz, calor y rayos ultravioleta. Es una fuente de energ\u00eda <strong>renovable e inagotable<\/strong>, lo que significa que no se agota y se renueva constantemente, a diferencia de los combustibles f\u00f3siles.<\/p><p data-sourcepos=\"1:1-1:313\">\u00a0<\/p><p data-sourcepos=\"3:1-3:40\"><strong>\u00bfC\u00f3mo se aprovecha la energ\u00eda solar?<\/strong><\/p><p data-sourcepos=\"3:1-3:40\"><strong>\u00a0<\/strong><\/p><p data-sourcepos=\"5:1-5:62\">Existen dos formas principales de aprovechar la energ\u00eda solar:<\/p><p data-sourcepos=\"5:1-5:62\">\u00a0<\/p><ol data-sourcepos=\"7:1-12:0\"><li data-sourcepos=\"7:1-8:0\"><p data-sourcepos=\"7:5-7:493\"><strong>Energ\u00eda solar fotovoltaica:<\/strong> Esta es la m\u00e1s conocida y consiste en transformar la luz solar directamente en electricidad. Se utilizan <strong>paneles solares fotovoltaicos<\/strong> que est\u00e1n compuestos por c\u00e9lulas de silicio. Cuando la luz del sol incide sobre estas c\u00e9lulas, se produce un efecto llamado &#8220;efecto fotovoltaico&#8221;, que genera una corriente el\u00e9ctrica. Esta electricidad puede ser utilizada para consumo dom\u00e9stico, comercial o industrial, o incluso puede ser inyectada a la red el\u00e9ctrica.<\/p><\/li><li data-sourcepos=\"9:1-12:0\"><p data-sourcepos=\"9:5-9:237\"><strong>Energ\u00eda solar t\u00e9rmica (o termosolar):<\/strong> En este caso, se aprovecha el <strong>calor del sol<\/strong> para generar energ\u00eda. Se utilizan <strong>colectores solares t\u00e9rmicos<\/strong> que absorben y concentran el calor del sol. Este calor se puede emplear para:<\/p><ul data-sourcepos=\"10:5-12:0\"><li data-sourcepos=\"10:5-10:92\"><strong>Calentar agua:<\/strong> Para uso sanitario (duchas, grifos) o para sistemas de calefacci\u00f3n.<\/li><li data-sourcepos=\"11:5-12:0\"><strong>Generar electricidad a gran escala:<\/strong> En centrales termosolares, el calor concentrado se utiliza para calentar un fluido que genera vapor. Este vapor mueve una turbina conectada a un generador para producir electricidad.<\/li><\/ul><\/li><\/ol><p data-sourcepos=\"13:1-13:46\"><strong>Caracter\u00edsticas clave de la energ\u00eda solar:<\/strong><\/p><ul data-sourcepos=\"15:1-21:0\"><li data-sourcepos=\"15:1-15:200\"><strong>Limpia y no contaminante:<\/strong> Durante su funcionamiento, no produce emisiones de gases de efecto invernadero ni otros contaminantes atmosf\u00e9ricos, contribuyendo a la lucha contra el cambio clim\u00e1tico.<\/li><li data-sourcepos=\"16:1-16:71\"><strong>Inagotable:<\/strong> El sol es una fuente de energ\u00eda constante y duradera.<\/li><li data-sourcepos=\"17:1-17:90\"><strong>Renovable:<\/strong> Se renueva continuamente, a diferencia de las fuentes de energ\u00eda finitas.<\/li><li data-sourcepos=\"18:1-18:117\"><strong>Silenciosa:<\/strong> Los sistemas solares son completamente silenciosos, lo que los hace ideales para cualquier entorno.<\/li><li data-sourcepos=\"19:1-19:143\"><strong>Vers\u00e1til:<\/strong> Puede adaptarse a diferentes escalas, desde peque\u00f1as instalaciones residenciales hasta grandes plantas de generaci\u00f3n el\u00e9ctrica.<\/li><li data-sourcepos=\"20:1-21:0\"><strong>Reduce la dependencia de combustibles f\u00f3siles:<\/strong> Al utilizar la energ\u00eda del sol, se disminuye la necesidad de quemar carb\u00f3n, gas o petr\u00f3leo.<\/li><\/ul><p data-sourcepos=\"22:1-22:202\">\u00a0<\/p><\/div>\t\t\t\t\t\t\t\t<\/div>\n\t\t\t\t<\/div>\n\t\t\t\t\t<\/div>\n\t\t<\/div>\n\t\t\t\t\t<\/div>\n\t\t<\/section>\n\t\t\t\t<section class=\"elementor-section elementor-top-section elementor-element elementor-element-3d57477 elementor-section-boxed elementor-section-height-default elementor-section-height-default\" data-id=\"3d57477\" data-element_type=\"section\">\n\t\t\t\t\t\t<div class=\"elementor-container elementor-column-gap-default\">\n\t\t\t\t\t<div class=\"elementor-column elementor-col-50 elementor-top-column elementor-element elementor-element-e364522\" data-id=\"e364522\" data-element_type=\"column\">\n\t\t\t<div class=\"elementor-widget-wrap elementor-element-populated\">\n\t\t\t\t\t\t<div class=\"elementor-element elementor-element-27ed442 elementor-widget elementor-widget-image\" data-id=\"27ed442\" data-element_type=\"widget\" data-widget_type=\"image.default\">\n\t\t\t\t<div class=\"elementor-widget-container\">\n\t\t\t\t\t\t\t\t\t\t\t\t\t\t\t<img fetchpriority=\"high\" decoding=\"async\" width=\"370\" height=\"284\" src=\"https:\/\/si.carillonsa.com\/wp\/wp-content\/uploads\/2021\/10\/work-img3.jpg\" class=\"attachment-large size-large wp-image-72\" alt=\"\" srcset=\"https:\/\/si.carillonsa.com\/wp\/wp-content\/uploads\/2021\/10\/work-img3.jpg 370w, https:\/\/si.carillonsa.com\/wp\/wp-content\/uploads\/2021\/10\/work-img3-300x230.jpg 300w\" sizes=\"(max-width: 370px) 100vw, 370px\" \/>\t\t\t\t\t\t\t\t\t\t\t\t\t\t\t<\/div>\n\t\t\t\t<\/div>\n\t\t\t\t\t<\/div>\n\t\t<\/div>\n\t\t\t\t<div class=\"elementor-column elementor-col-50 elementor-top-column elementor-element elementor-element-391b805\" data-id=\"391b805\" data-element_type=\"column\">\n\t\t\t<div class=\"elementor-widget-wrap elementor-element-populated\">\n\t\t\t\t\t\t<div class=\"elementor-element elementor-element-14a9c09 elementor-widget elementor-widget-text-editor\" data-id=\"14a9c09\" data-element_type=\"widget\" data-widget_type=\"text-editor.default\">\n\t\t\t\t<div class=\"elementor-widget-container\">\n\t\t\t\t\t\t\t\t\t<p data-sourcepos=\"3:1-3:27\"><strong>Beneficios Ambientales:<\/strong><\/p><ul data-sourcepos=\"5:1-9:0\"><li data-sourcepos=\"5:1-5:284\"><strong>Reducci\u00f3n de emisiones de gases de efecto invernadero:<\/strong> La energ\u00eda solar no produce di\u00f3xido de carbono (CO2) ni otros gases contaminantes durante su funcionamiento, lo que contribuye significativamente a la lucha contra el cambio clim\u00e1tico y la reducci\u00f3n de la huella de carbono.<\/li><li data-sourcepos=\"6:1-6:265\"><strong>Fuente de energ\u00eda limpia y renovable:<\/strong> El sol es una fuente inagotable de energ\u00eda. Al contrario que los combustibles f\u00f3siles, que son finitos y generan contaminaci\u00f3n al ser quemados, la energ\u00eda solar se renueva constantemente y no agota los recursos naturales.<\/li><li data-sourcepos=\"7:1-7:161\"><strong>No produce contaminaci\u00f3n ac\u00fastica:<\/strong> Los sistemas fotovoltaicos son completamente silenciosos, lo que los hace ideales para entornos residenciales y urbanos.<\/li><li data-sourcepos=\"8:1-9:0\"><strong>Reduce la contaminaci\u00f3n del agua y del aire:<\/strong> A diferencia de otras fuentes de energ\u00eda que requieren grandes cantidades de agua para su enfriamiento o generan residuos t\u00f3xicos, la energ\u00eda solar no consume agua en su proceso de generaci\u00f3n ni produce residuos peligrosos.<\/li><\/ul>\t\t\t\t\t\t\t\t<\/div>\n\t\t\t\t<\/div>\n\t\t\t\t\t<\/div>\n\t\t<\/div>\n\t\t\t\t\t<\/div>\n\t\t<\/section>\n\t\t\t\t<section class=\"elementor-section elementor-top-section elementor-element elementor-element-3335487 elementor-section-boxed elementor-section-height-default elementor-section-height-default\" data-id=\"3335487\" data-element_type=\"section\">\n\t\t\t\t\t\t<div class=\"elementor-container elementor-column-gap-default\">\n\t\t\t\t\t<div class=\"elementor-column elementor-col-50 elementor-top-column elementor-element elementor-element-3370d15\" data-id=\"3370d15\" data-element_type=\"column\">\n\t\t\t<div class=\"elementor-widget-wrap elementor-element-populated\">\n\t\t\t\t\t\t<div class=\"elementor-element elementor-element-1680433 elementor-widget elementor-widget-text-editor\" data-id=\"1680433\" data-element_type=\"widget\" data-widget_type=\"text-editor.default\">\n\t\t\t\t<div class=\"elementor-widget-container\">\n\t\t\t\t\t\t\t\t\t<p data-sourcepos=\"10:1-10:26\"><strong>Beneficios Econ\u00f3micos:<\/strong><\/p><ul data-sourcepos=\"12:1-18:0\"><li data-sourcepos=\"12:1-12:218\"><strong>Ahorro en la factura de electricidad:<\/strong> Al generar tu propia electricidad, reduces o eliminas la dependencia de la red el\u00e9ctrica, lo que se traduce en un ahorro significativo en los costos de energ\u00eda a largo plazo.<\/li><li data-sourcepos=\"13:1-13:248\"><strong>Recuperaci\u00f3n de la inversi\u00f3n:<\/strong> Aunque la inversi\u00f3n inicial puede ser considerable, los sistemas solares tienen un largo periodo de vida \u00fatil (m\u00e1s de 25 a\u00f1os) y el ahorro generado permite recuperar la inversi\u00f3n en un tiempo relativamente corto.<\/li><li data-sourcepos=\"14:1-14:181\"><strong>Independencia energ\u00e9tica:<\/strong> La capacidad de producir tu propia energ\u00eda te brinda mayor autonom\u00eda y te protege de las fluctuaciones en los precios de la electricidad del mercado.<\/li><li data-sourcepos=\"15:1-15:198\"><strong>Aumento del valor de la propiedad:<\/strong> Las viviendas y negocios con instalaciones solares tienden a tener un mayor valor en el mercado debido a los beneficios econ\u00f3micos y ambientales que ofrecen.<\/li><li data-sourcepos=\"16:1-16:175\"><strong>Creaci\u00f3n de empleo:<\/strong> La industria solar fomenta la creaci\u00f3n de empleos en diversos sectores, desde la fabricaci\u00f3n e instalaci\u00f3n hasta el mantenimiento y la investigaci\u00f3n.<\/li><li data-sourcepos=\"17:1-18:0\"><strong>Precios accesibles de los componentes:<\/strong> La tecnolog\u00eda solar ha madurado y los precios de los paneles solares y otros componentes han disminuido, haci\u00e9ndola m\u00e1s accesible para un p\u00fablico m\u00e1s amplio.<\/li><\/ul><p data-sourcepos=\"27:1-27:300\">\u00a0<\/p>\t\t\t\t\t\t\t\t<\/div>\n\t\t\t\t<\/div>\n\t\t\t\t\t<\/div>\n\t\t<\/div>\n\t\t\t\t<div class=\"elementor-column elementor-col-50 elementor-top-column elementor-element elementor-element-f1daed6\" data-id=\"f1daed6\" data-element_type=\"column\">\n\t\t\t<div class=\"elementor-widget-wrap elementor-element-populated\">\n\t\t\t\t\t\t<div class=\"elementor-element elementor-element-f424060 elementor-widget elementor-widget-image\" data-id=\"f424060\" data-element_type=\"widget\" data-widget_type=\"image.default\">\n\t\t\t\t<div class=\"elementor-widget-container\">\n\t\t\t\t\t\t\t\t\t\t\t\t\t\t\t<img decoding=\"async\" width=\"640\" height=\"486\" src=\"https:\/\/si.carillonsa.com\/wp\/wp-content\/uploads\/2025\/05\/WhatsApp-Image-2025-05-28-at-23.02.47-e1748495573853-1024x778.jpeg\" class=\"attachment-large size-large wp-image-205\" alt=\"\" srcset=\"https:\/\/si.carillonsa.com\/wp\/wp-content\/uploads\/2025\/05\/WhatsApp-Image-2025-05-28-at-23.02.47-e1748495573853-1024x778.jpeg 1024w, https:\/\/si.carillonsa.com\/wp\/wp-content\/uploads\/2025\/05\/WhatsApp-Image-2025-05-28-at-23.02.47-e1748495573853-600x456.jpeg 600w, https:\/\/si.carillonsa.com\/wp\/wp-content\/uploads\/2025\/05\/WhatsApp-Image-2025-05-28-at-23.02.47-e1748495573853-300x228.jpeg 300w, https:\/\/si.carillonsa.com\/wp\/wp-content\/uploads\/2025\/05\/WhatsApp-Image-2025-05-28-at-23.02.47-e1748495573853-768x584.jpeg 768w, https:\/\/si.carillonsa.com\/wp\/wp-content\/uploads\/2025\/05\/WhatsApp-Image-2025-05-28-at-23.02.47-e1748495573853.jpeg 1280w\" sizes=\"(max-width: 640px) 100vw, 640px\" \/>\t\t\t\t\t\t\t\t\t\t\t\t\t\t\t<\/div>\n\t\t\t\t<\/div>\n\t\t\t\t\t<\/div>\n\t\t<\/div>\n\t\t\t\t\t<\/div>\n\t\t<\/section>\n\t\t\t\t<section class=\"elementor-section elementor-top-section elementor-element elementor-element-1623aa5 elementor-section-boxed elementor-section-height-default elementor-section-height-default\" data-id=\"1623aa5\" data-element_type=\"section\">\n\t\t\t\t\t\t<div class=\"elementor-container elementor-column-gap-default\">\n\t\t\t\t\t<div class=\"elementor-column elementor-col-50 elementor-top-column elementor-element elementor-element-bf9bc41\" data-id=\"bf9bc41\" data-element_type=\"column\">\n\t\t\t<div class=\"elementor-widget-wrap elementor-element-populated\">\n\t\t\t\t\t\t<div class=\"elementor-element elementor-element-d9d8666 elementor-widget elementor-widget-image\" data-id=\"d9d8666\" data-element_type=\"widget\" data-widget_type=\"image.default\">\n\t\t\t\t<div class=\"elementor-widget-container\">\n\t\t\t\t\t\t\t\t\t\t\t\t\t\t\t<img decoding=\"async\" width=\"370\" height=\"284\" src=\"https:\/\/si.carillonsa.com\/wp\/wp-content\/uploads\/2021\/10\/work-img1.jpg\" class=\"attachment-large size-large wp-image-70\" alt=\"\" srcset=\"https:\/\/si.carillonsa.com\/wp\/wp-content\/uploads\/2021\/10\/work-img1.jpg 370w, https:\/\/si.carillonsa.com\/wp\/wp-content\/uploads\/2021\/10\/work-img1-300x230.jpg 300w\" sizes=\"(max-width: 370px) 100vw, 370px\" \/>\t\t\t\t\t\t\t\t\t\t\t\t\t\t\t<\/div>\n\t\t\t\t<\/div>\n\t\t\t\t\t<\/div>\n\t\t<\/div>\n\t\t\t\t<div class=\"elementor-column elementor-col-50 elementor-top-column elementor-element elementor-element-fed3d09\" data-id=\"fed3d09\" data-element_type=\"column\">\n\t\t\t<div class=\"elementor-widget-wrap elementor-element-populated\">\n\t\t\t\t\t\t<div class=\"elementor-element elementor-element-8ac6f18 elementor-widget elementor-widget-text-editor\" data-id=\"8ac6f18\" data-element_type=\"widget\" data-widget_type=\"text-editor.default\">\n\t\t\t\t<div class=\"elementor-widget-container\">\n\t\t\t\t\t\t\t\t\t<p data-sourcepos=\"19:1-19:21\"><strong>Otros Beneficios:<\/strong><\/p><ul data-sourcepos=\"21:1-26:0\"><li data-sourcepos=\"21:1-21:254\"><strong>Versatilidad y accesibilidad:<\/strong> La energ\u00eda solar es f\u00e1cil de instalar y adaptar a una amplia variedad de lugares y necesidades, desde viviendas unifamiliares hasta grandes plantas de generaci\u00f3n, incluso en zonas remotas sin acceso a la red el\u00e9ctrica.<\/li><li data-sourcepos=\"22:1-22:146\"><strong>Bajo mantenimiento:<\/strong> Los sistemas fotovoltaicos requieren un mantenimiento m\u00ednimo, principalmente limpieza ocasional y revisiones peri\u00f3dicas.<\/li><li data-sourcepos=\"23:1-23:143\"><strong>Tecnolog\u00eda madura y confiable:<\/strong> La energ\u00eda solar es una tecnolog\u00eda probada y confiable, con un historial exitoso en diversas aplicaciones.<\/li><li data-sourcepos=\"24:1-24:167\"><strong>Modularidad:<\/strong> Los sistemas solares se pueden dise\u00f1ar y ampliar seg\u00fan las necesidades energ\u00e9ticas, permitiendo agregar m\u00e1s paneles a medida que el consumo aumenta.<\/li><li data-sourcepos=\"25:1-26:0\"><strong>Seguridad energ\u00e9tica:<\/strong> Al diversificar la matriz energ\u00e9tica de un pa\u00eds, la energ\u00eda solar contribuye a una mayor seguridad y estabilidad en el suministro el\u00e9ctrico.<\/li><\/ul><p data-sourcepos=\"27:1-27:300\">\u00a0<\/p>\t\t\t\t\t\t\t\t<\/div>\n\t\t\t\t<\/div>\n\t\t\t\t\t<\/div>\n\t\t<\/div>\n\t\t\t\t\t<\/div>\n\t\t<\/section>\n\t\t\t\t<section class=\"elementor-section elementor-top-section elementor-element elementor-element-70d71c81 elementor-section-boxed elementor-section-height-default elementor-section-height-default\" data-id=\"70d71c81\" data-element_type=\"section\" data-settings=\"{&quot;background_background&quot;:&quot;classic&quot;}\">\n\t\t\t\t\t\t\t<div class=\"elementor-background-overlay\"><\/div>\n\t\t\t\t\t\t\t<div class=\"elementor-container elementor-column-gap-default\">\n\t\t\t\t\t<div class=\"elementor-column elementor-col-100 elementor-top-column elementor-element elementor-element-2bcac2c8\" data-id=\"2bcac2c8\" data-element_type=\"column\">\n\t\t\t<div class=\"elementor-widget-wrap elementor-element-populated\">\n\t\t\t\t\t\t<div class=\"elementor-element elementor-element-4cfa5c49 elementor-widget elementor-widget-image-carousel\" data-id=\"4cfa5c49\" data-element_type=\"widget\" data-settings=\"{&quot;slides_to_show&quot;:&quot;5&quot;,&quot;navigation&quot;:&quot;none&quot;,&quot;slides_to_show_mobile&quot;:&quot;2&quot;,&quot;slides_to_show_tablet&quot;:&quot;3&quot;,&quot;autoplay&quot;:&quot;yes&quot;,&quot;pause_on_hover&quot;:&quot;yes&quot;,&quot;pause_on_interaction&quot;:&quot;yes&quot;,&quot;autoplay_speed&quot;:5000,&quot;infinite&quot;:&quot;yes&quot;,&quot;speed&quot;:500}\" data-widget_type=\"image-carousel.default\">\n\t\t\t\t<div class=\"elementor-widget-container\">\n\t\t\t\t\t\t\t<div class=\"elementor-image-carousel-wrapper swiper\" role=\"region\" aria-roledescription=\"carousel\" aria-label=\"Carrusel de im\u00e1genes\" dir=\"ltr\">\n\t\t\t<div class=\"elementor-image-carousel swiper-wrapper\" aria-live=\"off\">\n\t\t\t\t\t\t\t\t<div class=\"swiper-slide\" role=\"group\" aria-roledescription=\"slide\" aria-label=\"1 de 8\"><figure class=\"swiper-slide-inner\"><img decoding=\"async\" class=\"swiper-slide-image\" src=\"https:\/\/si.carillonsa.com\/wp\/wp-content\/uploads\/2025\/05\/logomust.png\" alt=\"logomust\" \/><\/figure><\/div><div class=\"swiper-slide\" role=\"group\" aria-roledescription=\"slide\" aria-label=\"2 de 8\"><figure class=\"swiper-slide-inner\"><img decoding=\"async\" class=\"swiper-slide-image\" src=\"https:\/\/si.carillonsa.com\/wp\/wp-content\/uploads\/2025\/05\/feeo-electric.png\" alt=\"feeo-electric\" \/><\/figure><\/div><div class=\"swiper-slide\" role=\"group\" aria-roledescription=\"slide\" aria-label=\"3 de 8\"><figure class=\"swiper-slide-inner\"><img decoding=\"async\" class=\"swiper-slide-image\" src=\"https:\/\/si.carillonsa.com\/wp\/wp-content\/uploads\/2025\/05\/EGE-logo.png\" alt=\"EGE-logo\" \/><\/figure><\/div><div class=\"swiper-slide\" role=\"group\" aria-roledescription=\"slide\" aria-label=\"4 de 8\"><figure class=\"swiper-slide-inner\"><img decoding=\"async\" class=\"swiper-slide-image\" src=\"https:\/\/si.carillonsa.com\/wp\/wp-content\/uploads\/2025\/05\/Ecologicosolar.png\" alt=\"Ecologicosolar\" \/><\/figure><\/div><div class=\"swiper-slide\" role=\"group\" aria-roledescription=\"slide\" aria-label=\"5 de 8\"><figure class=\"swiper-slide-inner\"><img decoding=\"async\" class=\"swiper-slide-image\" src=\"https:\/\/si.carillonsa.com\/wp\/wp-content\/uploads\/2025\/05\/marca-4.png\" alt=\"marca-4\" \/><\/figure><\/div><div class=\"swiper-slide\" role=\"group\" aria-roledescription=\"slide\" aria-label=\"6 de 8\"><figure class=\"swiper-slide-inner\"><img decoding=\"async\" class=\"swiper-slide-image\" src=\"https:\/\/si.carillonsa.com\/wp\/wp-content\/uploads\/2025\/05\/marca-2.png\" alt=\"marca-2\" \/><\/figure><\/div><div class=\"swiper-slide\" role=\"group\" aria-roledescription=\"slide\" aria-label=\"7 de 8\"><figure class=\"swiper-slide-inner\"><img decoding=\"async\" class=\"swiper-slide-image\" src=\"https:\/\/si.carillonsa.com\/wp\/wp-content\/uploads\/2025\/05\/marca-3.png\" alt=\"marca-3\" \/><\/figure><\/div><div class=\"swiper-slide\" role=\"group\" aria-roledescription=\"slide\" aria-label=\"8 de 8\"><figure class=\"swiper-slide-inner\"><img decoding=\"async\" class=\"swiper-slide-image\" src=\"https:\/\/si.carillonsa.com\/wp\/wp-content\/uploads\/2025\/05\/marca-1.png\" alt=\"marca-1\" \/><\/figure><\/div>\t\t\t<\/div>\n\t\t\t\t\t\t\t\n\t\t\t\t\t\t\t\t\t<\/div>\n\t\t\t\t\t\t<\/div>\n\t\t\t\t<\/div>\n\t\t\t\t\t<\/div>\n\t\t<\/div>\n\t\t\t\t\t<\/div>\n\t\t<\/section>\n\t\t\t\t<\/div>\n\t\t","protected":false},"excerpt":{"rendered":"<p>\u00bfQue es la Energ\u00eda Solar? La energ\u00eda solar es aquella que se obtiene directamente del Sol en forma de radiaci\u00f3n electromagn\u00e9tica, que incluye luz, calor [&hellip;]<\/p>\n","protected":false},"author":1,"featured_media":0,"parent":0,"menu_order":0,"comment_status":"closed","ping_status":"closed","template":"templates\/builder-fullwidth-std.php","meta":{"footnotes":""},"class_list":["post-201","page","type-page","status-publish","hentry"],"jetpack_sharing_enabled":true,"_links":{"self":[{"href":"https:\/\/si.carillonsa.com\/wp\/wp-json\/wp\/v2\/pages\/201","targetHints":{"allow":["GET"]}}],"collection":[{"href":"https:\/\/si.carillonsa.com\/wp\/wp-json\/wp\/v2\/pages"}],"about":[{"href":"https:\/\/si.carillonsa.com\/wp\/wp-json\/wp\/v2\/types\/page"}],"author":[{"embeddable":true,"href":"https:\/\/si.carillonsa.com\/wp\/wp-json\/wp\/v2\/users\/1"}],"replies":[{"embeddable":true,"href":"https:\/\/si.carillonsa.com\/wp\/wp-json\/wp\/v2\/comments?post=201"}],"version-history":[{"count":55,"href":"https:\/\/si.carillonsa.com\/wp\/wp-json\/wp\/v2\/pages\/201\/revisions"}],"predecessor-version":[{"id":427,"href":"https:\/\/si.carillonsa.com\/wp\/wp-json\/wp\/v2\/pages\/201\/revisions\/427"}],"wp:attachment":[{"href":"https:\/\/si.carillonsa.com\/wp\/wp-json\/wp\/v2\/media?parent=201"}],"curies":[{"name":"wp","href":"https:\/\/api.w.org\/{rel}","templated":true}]}}